{"id":1302,"date":"2018-05-06T11:58:14","date_gmt":"2018-05-06T11:58:14","guid":{"rendered":"http:\/\/revives.es\/tienda\/?page_id=1302"},"modified":"2018-05-06T11:58:14","modified_gmt":"2018-05-06T11:58:14","slug":"bienvenida","status":"publish","type":"page","link":"https:\/\/revives.es\/tienda\/bienvenida\/","title":{"rendered":"Bienvenida"},"content":{"rendered":"<p>Esta es tu portada, que es lo que la mayor\u00eda de los visitantes ver\u00e1 cuando visite por primera vez tu tienda. <\/p>\n<p>Puedes cambiar este texto editando la p\u00e1gina de &quot;Bienvenida&quot; en el men\u00fa &quot;P\u00e1ginas&quot; de tu escritorio.<\/p>\n","protected":false},"excerpt":{"rendered":"<p>Esta es tu portada, que es lo que la mayor\u00eda de los visitantes ver\u00e1 cuando visite por primera vez tu tienda. Puedes cambiar este texto editando la p\u00e1gina de &quot;Bienvenida&quot; en el men\u00fa &quot;P\u00e1ginas&quot; de tu escritorio.<\/p>\n","protected":false},"author":4,"featured_media":0,"parent":0,"menu_order":0,"comment_status":"closed","ping_status":"closed","template":"template-homepage.php","meta":{"footnotes":""},"class_list":["post-1302","page","type-page","status-publish","hentry"],"jetpack_sharing_enabled":true,"jetpack_shortlink":"https:\/\/wp.me\/Pa0qda-l0","jetpack-related-posts":[],"_links":{"self":[{"href":"https:\/\/revives.es\/tienda\/wp-json\/wp\/v2\/pages\/1302","targetHints":{"allow":["GET"]}}],"collection":[{"href":"https:\/\/revives.es\/tienda\/wp-json\/wp\/v2\/pages"}],"about":[{"href":"https:\/\/revives.es\/tienda\/wp-json\/wp\/v2\/types\/page"}],"author":[{"embeddable":true,"href":"https:\/\/revives.es\/tienda\/wp-json\/wp\/v2\/users\/4"}],"replies":[{"embeddable":true,"href":"https:\/\/revives.es\/tienda\/wp-json\/wp\/v2\/comments?post=1302"}],"version-history":[{"count":0,"href":"https:\/\/revives.es\/tienda\/wp-json\/wp\/v2\/pages\/1302\/revisions"}],"wp:attachment":[{"href":"https:\/\/revives.es\/tienda\/wp-json\/wp\/v2\/media?parent=1302"}],"curies":[{"name":"wp","href":"https:\/\/api.w.org\/{rel}","templated":true}]}}