{"id":1326,"date":"2018-05-22T17:08:09","date_gmt":"2018-05-22T17:08:09","guid":{"rendered":"http:\/\/revives.es\/tienda\/?page_id=1326"},"modified":"2018-05-22T17:08:09","modified_gmt":"2018-05-22T17:08:09","slug":"politica-de-cookies","status":"publish","type":"page","link":"https:\/\/revives.es\/tienda\/politica-de-cookies\/","title":{"rendered":"Pol\u00edtica de cookies"},"content":{"rendered":"<p>\u00bfQu\u00e9 son las cookies y para qu\u00e9 sirven?<\/p>\n<p>  Una cookie es un peque\u00f1o archivo con una cadena de caracteres que se coloca y se almacena en el ordenador, m\u00f3vil o cualquier otro dispositivo que use para navegar, cada vez que visita un sitio web, permitiendo al mismo tiempo recuperar informaci\u00f3n sobre la navegaci\u00f3n que se efect\u00faa desde dicho equipo.<\/p>\n<p>  Las cookies utilizadas son almacenadas en el disco duro del usuario pero no pueden leer los datos contenidos en \u00e9l ni leer los archivos cookies creados por otros proveedores. No se recoger\u00e1 ning\u00fan dato de car\u00e1cter personal a trav\u00e9s de las cookies.<\/p>\n<p>  Para obtener m\u00e1s informaci\u00f3n sobre las cookies puede acceder a los siguientes enlaces:<\/p>\n<p>&#8211; <a href=\"http:\/\/es.wikipedia.org\/wiki\/Cookie_%28inform%C3%A1tica%29\" target=\"_blank\" rel=\"noopener\">Entrada en la Wikipedia sobre las cookies.<\/a><\/p>\n<p>  &#8211;\u00a0<a href=\"http:\/\/www.aboutcookies.org\/\" target=\"_blank\" rel=\"noopener\">http:\/\/www.aboutcookies.org<\/a><\/p>\n<p>  Cookies que se utilizan en esta web:<\/p>\n<ul>\n<li dir=\"ltr\"><strong>googtrans<\/strong> &#8211; Esta cookie permite almacenar las preferencias de traducci\u00f3n de los usuarios. Se trata de una cookie de personalizaci\u00f3n cuya no instalaci\u00f3n no deber\u00eda impedir el funcionamiento del sitio web, aunque su funcionalidad podr\u00eda verse reducida. Esta cookie expira cuando se cierra el navegador.<\/li>\n<li dir=\"ltr\"><strong>cdp-cookies-plugin-wp<\/strong> &#8211; Aceptaci\u00f3n de instalaci\u00f3n de cookies. Caduca a los 12 meses.<\/li>\n<\/ul>\n<ul>\n<li><strong>PHPSESSID<\/strong> -Esta cookie es usado por el lenguaje de encriptado PHP para permitir que las variables de sesi\u00f3n sean guardadas en el servidor web. Esta cookies es esencial para el funcionamiento de la web.<\/li>\n<\/ul>\n<p>Estas cookies son utilizados por Google para almacenar las preferencias del usuario y la informaci\u00f3n durante la visualizaci\u00f3n de las p\u00e1ginas con los mapas de Google en ellos:<\/p>\n<p><strong>_ga, _gat, _gid, APISID, HSID, NID, SID<\/strong><\/p>\n<p><a href=\"http:\/\/www.google.com\/analytics\/learn\/privacy.html\" target=\"_blank\" rel=\"noopener\">Para m\u00e1s detalles sobre la pol\u00edtica de privacidad de GA<\/a><\/p>\n<p>  Esencialmente son cookies de tipo de Anal\u00edtica de Google. Estas cookies son servidas por Google como consecuencia de la utilizaci\u00f3n por parte del titular de la p\u00e1gina del servicio \u00abGoogle Analytics\u00bb. Este servicio recoge diversa informaci\u00f3n sobre la navegaci\u00f3n, como por ejemplo, ubicaci\u00f3n del visitante, detalles de la visita realizada (tiempo, p\u00e1ginas servidas, etc.). Aparte de la posibilidad por el navegador de bloquear las cookies, el usuario puede utilizar este complemento facilitado por la propia Google para inhabilitar el servicio de Google Analytics en su visita.\n<\/p>\n<p><strong>wordpress_test_cookie:<\/strong>\u00a0Esta cookie se usa para que el gestor de contenidos WordPress compruebe si el navegador tiene las cookies activadas.\n<\/p>\n<p><strong>woocommerce_items_in_cart:\u00a0<\/strong>Esta cookies se utiliza para realizar un seguimiento de los datos de compra, contienen informaci\u00f3n acerca de la compra en su conjunto y ayuda a WooCommerce, cu\u00e1ndo el carro de compra se cambian los datos.\n<\/p>\n<p><strong>woocommerce_cart_hash:<\/strong>Esta cookie se utiliza para realizar un seguimiento de los datos de compra, contienen informaci\u00f3n acerca de la compra en su conjunto y ayuda a WooCommerce, cu\u00e1ndo el carro de compra se cambian los datos.<\/p>\n<p><strong>wp_woocommerce_session:<\/strong>\u00a0Esta cookie contiene un c\u00f3digo \u00fanico para cada cliente para que sepa d\u00f3nde encontrar los datos de compra en la base de datos para cada cliente. Expira las 24 horas<\/p>\n<h3>Bloqueo y eliminaci\u00f3n de cookies.<\/h3>\n<p>Por regla general los navegadores disponen de diversas opciones de configuraci\u00f3n en relaci\u00f3n a las cookies, que permiten ajustar diversos niveles de privacidad, de forma que por ejemplo, se denieguen todas las cookies que pueda enviar un sitio web como este o incluso se eliminen todas las cookies que pudieran haberse guardado. Para modificar dichos par\u00e1metros, puede consultarse en las instrucciones del navegador que utilice o solicitar ayuda al fabricante del mismo.<\/p>\n<p>  En cualquier caso, el titular de la p\u00e1gina facilita desde aqu\u00ed el acceso a las instrucciones de los navegadores m\u00e1s populares de escritorio y m\u00f3viles. <\/p>\n<p align=\"JUSTIFY\">&#8211;\u00a0<a href=\"http:\/\/support.google.com\/chrome\/bin\/answer.py?hl=es&amp;answer=95647\" target=\"_blank\" rel=\"noopener\"><u>Google Chrome<\/u><\/a>,\u00a0<a href=\"http:\/\/support.mozilla.org\/es\/kb\/Habilitar%20y%20deshabilitar%20cookies\" target=\"_blank\" rel=\"noopener\"><u>Mozilla Firefox<\/u><\/a>,\u00a0<a href=\"http:\/\/windows.microsoft.com\/es-ES\/windows7\/How-to-manage-cookies-in-Internet-Explorer-9\" target=\"_blank\" rel=\"noopener\"><u>Internet Explorer<\/u><\/a>\u00a0y\u00a0<a href=\"https:\/\/support.apple.com\/\" target=\"_blank\" rel=\"noopener\"><u>Safari.<\/u><\/a><\/p>\n<p align=\"JUSTIFY\">&#8211;\u00a0<a href=\"https:\/\/support.apple.com\/es-es\/HT201265\" target=\"_blank\" rel=\"noopener\"><u>IOS<\/u><\/a>,\u00a0<a href=\"http:\/\/www.arpatic.arpa.es\/cookies#1071614\" target=\"_blank\" rel=\"noopener\"><u>Android<\/u><\/a>,\u00a0<a href=\"https:\/\/help.blackberry.com\/es\/\" target=\"_blank\" rel=\"noopener\"><u>Blackberry<\/u><\/a>\u00a0y\u00a0<a href=\"https:\/\/support.microsoft.com\/es-es\/help\/11696\/windows-phone-7\" target=\"_blank\" rel=\"noopener\"><u>Windows Phone<\/u><\/a>.<\/p>\n<p>En el caso de que el usuario restrinja o bloquee alguna o todas de las cookies del presente sitio Web, es posible que alguna de las funcionalidades o servicios prestados de la p\u00e1gina no est\u00e9n disponibles.<\/p>\n","protected":false},"excerpt":{"rendered":"<p>\u00bfQu\u00e9 son las cookies y para qu\u00e9 sirven? Una cookie es un peque\u00f1o archivo con una cadena de caracteres que se coloca y se almacena en el ordenador, m\u00f3vil o cualquier otro dispositivo que use para navegar, cada vez que visita un sitio web, permitiendo al mismo tiempo recuperar informaci\u00f3n sobre la navegaci\u00f3n que se [&hellip;]<\/p>\n","protected":false},"author":4,"featured_media":0,"parent":0,"menu_order":0,"comment_status":"closed","ping_status":"closed","template":"template-fullwidth.php","meta":{"footnotes":""},"class_list":["post-1326","page","type-page","status-publish","hentry"],"jetpack_sharing_enabled":true,"jetpack_shortlink":"https:\/\/wp.me\/Pa0qda-lo","jetpack-related-posts":[],"_links":{"self":[{"href":"https:\/\/revives.es\/tienda\/wp-json\/wp\/v2\/pages\/1326","targetHints":{"allow":["GET"]}}],"collection":[{"href":"https:\/\/revives.es\/tienda\/wp-json\/wp\/v2\/pages"}],"about":[{"href":"https:\/\/revives.es\/tienda\/wp-json\/wp\/v2\/types\/page"}],"author":[{"embeddable":true,"href":"https:\/\/revives.es\/tienda\/wp-json\/wp\/v2\/users\/4"}],"replies":[{"embeddable":true,"href":"https:\/\/revives.es\/tienda\/wp-json\/wp\/v2\/comments?post=1326"}],"version-history":[{"count":0,"href":"https:\/\/revives.es\/tienda\/wp-json\/wp\/v2\/pages\/1326\/revisions"}],"wp:attachment":[{"href":"https:\/\/revives.es\/tienda\/wp-json\/wp\/v2\/media?parent=1326"}],"curies":[{"name":"wp","href":"https:\/\/api.w.org\/{rel}","templated":true}]}}