{"id":1722,"date":"2025-01-19T15:53:52","date_gmt":"2025-01-19T15:53:52","guid":{"rendered":"https:\/\/revives.es\/tienda\/?post_type=product&#038;p=1722"},"modified":"2026-04-07T17:47:53","modified_gmt":"2026-04-07T17:47:53","slug":"formacion-online-vizrt-2026-1","status":"publish","type":"product","link":"https:\/\/revives.es\/tienda\/producto\/formacion-online-vizrt-2026-1\/","title":{"rendered":"Formaci\u00f3n online viz artist + viz trio &#8211; Graffiz"},"content":{"rendered":"<p><strong>Formaci\u00f3n en viz artist + viz trio:<\/strong><\/p>\n<p>\u00bfSabes qu\u00e9 sistemas utilizan la gran mayor\u00eda de canales y productoras de eventos en directo de Espa\u00f1a y el mundo para hacer infograf\u00edas y contenidos virtuales en tiempo real?<br \/>\n\u00bfSab\u00edas que, como apenas se conoce, la comunidad de usuarios es muy peque\u00f1a, y hay mucha demanda laboral?<br \/>\nLa empresa multinacional vizrt (<a href=\"https:\/\/vizrt.com\">vizrt.com<\/a>) se ha implantado durante los \u00faltimos 20 a\u00f1os en la mayor\u00eda de empresas del sector broadcast, desde los departamentos de dise\u00f1o, donde los grafistas componen con Viz Artist, hasta ramificarse por toda la estructura de producci\u00f3n y automatizaci\u00f3n de contenidos. Viz Trio es el generador de caracteres de vizrt, m\u00e1s com\u00fanmente referido como tituladora. En \u00e9l, los equipos de realizaci\u00f3n pueden crear y organizar contenidos gr\u00e1ficos, basados en las escenas y plantillas creadas en Viz Artist, y emitirlos en tiempo real, manualmente o automatizados.<\/p>\n<p>La formaci\u00f3n, impartida por Daniel M\u00e9ndez (<a href=\"https:\/\/www.linkedin.com\/in\/danimendez\/\">linkedin.com\/in\/danimendez\/<\/a>), que ha sido formador de Vizrt Europa durante 14 a\u00f1os, es una evoluci\u00f3n del curso que se imparte a las televisiones y productoras, para que sus equipos de dise\u00f1o y operaci\u00f3n puedan comenzar a producir inmediatamente.<br \/>\nConsiste en un <strong>curso 100% pr\u00e1ctico<\/strong>, con aprendizaje en espiral, desde lo b\u00e1sico para crear un r\u00f3tulo animado editable, hasta crear y operar en directo complejas plantillas infogr\u00e1ficas de deportes, meteorolog\u00eda, etc.<\/p>\n<p><strong>Curso online de 24 horas s\u00edncronas, 4 d\u00edas (en castellano)<\/strong>:<br \/>\n<strong>* S\u00e1bados 11 y 25 de abril (2026): de 10:00 a 14:00 y de 15:00 a 19:00<\/strong><br \/>\n<strong>* Domingos 12 y 26 de abril (2026): de 10:00 a 14:00<\/strong><br \/>\n+ Ejercicios opcionales online para complementar la formaci\u00f3n<br \/>\nDiploma final acreditativo con el sello de la empresa y el formador.<\/p>\n<p><strong>Plataformas de seguimiento del curso: google meet<\/strong><br \/>\nRequisitos: PC windows + tarjeta Nvidia, cualquier modelo<br \/>\nSe realizar\u00e1 con versi\u00f3n viz3, por ser la versi\u00f3n m\u00e1s abierta para formaci\u00f3n, con opci\u00f3n a seguirlo en viz4 y viz5 (viz4 y viz5 tienen interfaz convertible en UI de viz3, las operativas y funciones son iguales)<\/p>\n<p>Importante:<br \/>\n-Inscripci\u00f3n hasta el 7 de abril<br \/>\n-Opci\u00f3n a conexi\u00f3n remota para activaci\u00f3n del software antes del 10 de abril<\/p>\n","protected":false},"excerpt":{"rendered":"<p><b>Formaci\u00f3n online de iniciaci\u00f3n a viz artist + viz trio<\/b>, los sistemas de grafismo en tiempo real m\u00e1s implantados en el sector broadcast.<\/p>\n","protected":false},"featured_media":1752,"comment_status":"open","ping_status":"closed","template":"","meta":[],"product_cat":[172],"product_tag":[173,177,175,174,176],"class_list":{"0":"post-1722","1":"product","2":"type-product","3":"status-publish","4":"has-post-thumbnail","6":"product_cat-formacion","7":"product_tag-formacion","8":"product_tag-online","9":"product_tag-vizartist","10":"product_tag-vizrt","11":"product_tag-viztrio","12":"product_shipping_class-fibulas","14":"first","15":"instock","16":"virtual","17":"taxable","18":"purchasable","19":"product-type-simple"},"jetpack_sharing_enabled":true,"jetpack-related-posts":[],"_links":{"self":[{"href":"https:\/\/revives.es\/tienda\/wp-json\/wp\/v2\/product\/1722","targetHints":{"allow":["GET"]}}],"collection":[{"href":"https:\/\/revives.es\/tienda\/wp-json\/wp\/v2\/product"}],"about":[{"href":"https:\/\/revives.es\/tienda\/wp-json\/wp\/v2\/types\/product"}],"replies":[{"embeddable":true,"href":"https:\/\/revives.es\/tienda\/wp-json\/wp\/v2\/comments?post=1722"}],"wp:featuredmedia":[{"embeddable":true,"href":"https:\/\/revives.es\/tienda\/wp-json\/wp\/v2\/media\/1752"}],"wp:attachment":[{"href":"https:\/\/revives.es\/tienda\/wp-json\/wp\/v2\/media?parent=1722"}],"wp:term":[{"taxonomy":"product_cat","embeddable":true,"href":"https:\/\/revives.es\/tienda\/wp-json\/wp\/v2\/product_cat?post=1722"},{"taxonomy":"product_tag","embeddable":true,"href":"https:\/\/revives.es\/tienda\/wp-json\/wp\/v2\/product_tag?post=1722"}],"curies":[{"name":"wp","href":"https:\/\/api.w.org\/{rel}","templated":true}]}}